{"id":3649,"date":"2018-08-27T17:08:50","date_gmt":"2018-08-27T17:08:50","guid":{"rendered":"http:\/\/bomby.themes.tvda.pw\/?page_id=3635"},"modified":"2023-09-21T17:30:57","modified_gmt":"2023-09-21T17:30:57","slug":"faq-aplicacao","status":"publish","type":"page","link":"https:\/\/thisismousse.com.br\/peru\/?page_id=3649","title":{"rendered":"Faq &#038; Solicitud"},"content":{"rendered":"<p>[vc_row full_width=&#8221;stretch_row&#8221; gap=&#8221;30&#8243; css=&#8221;.vc_custom_1633375474430{margin-bottom: 0px !important;border-bottom-width: 1px !important;padding-top: 50px !important;padding-bottom: 50px !important;border-bottom-color: #eeeeee !important;}&#8221; el_id=&#8221;faq&#8221;]\n\t<div class=\"vc_col-sm-12 vc_col-lg-4 vc_col-md-4 wpb_column vc_column_container \"  data-wow-delay=\"0ms\">\n\t\t<div class=\"wpb_wrapper\">\n\t\t\t[vc_column_text c_id=&#8221;.vc_1535390025306&#8243; css=&#8221;.vc_custom_1633375317889{margin-bottom: 0px !important;}&#8221;]<\/p>\n<h2 style=\"font-size: 72px;\">FAQ<\/h2>\n<p>[\/vc_column_text][vc_empty_space height=&#8221;30px&#8221;][ivan_title title_tag=&#8221;h3&#8243; align=&#8221;left&#8221; animation_iteration=&#8221;1&#8243; c_id=&#8221;.vc_1695228840115&#8243; sub=&#8221;\u00a1\u00bfVamos all\u00e1?!&#8221;]Encuentra las respuestas que necesitas aqu\u00ed[\/ivan_title]\n\t\t<\/div> <!-- END .wpb_wrapper -->\n\t<\/div> <!-- END  wpb_column vc_column_container  -->\n\n\t<div class=\"vc_col-sm-12 vc_col-lg-8 vc_col-md-8 wpb_column vc_column_container  vc_custom_1454846732561\"  data-wow-delay=\"0ms\">\n\t\t<div class=\"wpb_wrapper\">\n\t\t\t[vc_tta_accordion style=&#8221;flat&#8221; c_position=&#8221;right&#8221; active_section=&#8221;1&#8243; no_fill=&#8221;true&#8221;][vc_tta_section title=&#8221;\u00bfLa propuesta de This Is Mousse Complex es reemplazar el formol?&#8221; tab_id=&#8221;1448457380032-460d6eed-511d&#8221;][vc_column_text]This Is reemplaza los alisados a base de formol y ofrece otras ventajas en comparaci\u00f3n con otros tratamientos capilares progresivos, gracias a su base de espuma: la f\u00f3rmula es capaz de penetrar en todas las instancias de la fibra capilar, desde su estructura de cut\u00edculas m\u00e1s externas hasta el c\u00f3rtex\/medula capilar, lo que resulta en una f\u00f3rmula fisiol\u00f3gicamente m\u00e1s suave y efectiva. Despu\u00e9s de todo este proceso qu\u00edmico, la fibra capilar alisada tendr\u00e1 un aspecto de cabello naturalmente liso, con un brillo intenso, suavidad, manteniendo su equilibrio y ligereza.<\/p>\n<p><strong>El alisado con This Is<\/strong> no impermeabiliza la fibra, lo que permite que el cabello contin\u00fae absorbiendo nutrientes y agua.[\/vc_column_text][\/vc_tta_section][vc_tta_section title=&#8221;\u00bfSe puede aplicar This Is Mousse Complex en cualquier tipo de cabello?&#8221; tab_id=&#8221;1448457380033-547de2be-6801&#8243;][vc_column_text]Es maravilloso decir que s\u00ed, el <strong>Mousse Complex de This Is<\/strong> se puede utilizar en todo tipo y color de cabello. Una versatilidad que va m\u00e1s all\u00e1: es altamente compatible con otros tratamientos qu\u00edmicos y se adapta perfectamente al perfil de cada fibra capilar. No existen limitaciones en cuanto al tipo de cabello para su uso y direcci\u00f3n del proceso de tratamiento o alisado. El resultado inmediato puede ser un alisado 100% saludable o simplemente un sellado para reducir el volumen, o incluso el tratamiento del frizz. La elecci\u00f3n del procedimiento adecuado se realiza en colaboraci\u00f3n entre el profesional y el cliente, quienes deben identificar la necesidad real del cabello.[\/vc_column_text][\/vc_tta_section][vc_tta_section title=&#8221;\u00bfC\u00f3mo ocurre el proceso de alisamiento de This Is Mousse Complex en el cabello?&#8221; tab_id=&#8221;1448457634858-196b4c5d-9796&#8243;][vc_column_text]<strong>La f\u00f3rmula fue desarrollada con el objetivo de realinear la fibra capilar<\/strong> utilizando un pH \u00e1cido con un valor de 2.5, actuando en las capas intracuticulares y el c\u00f3rtex. El proceso act\u00faa sobre las uniones i\u00f3nicas y disulfuro, tanto en las microfibrillas como en las macrofibrillas, y promueve la reorganizaci\u00f3n de las estructuras moleculares de la fibra <strong>sin comprometer la elasticidad del cabello<\/strong> ni los futuros procedimientos.[\/vc_column_text][\/vc_tta_section][vc_tta_section title=&#8221;\u00bfEs compatible This Is Mousse Complex con otros procesos qu\u00edmicos?&#8221; tab_id=&#8221;1448457658529-a44fb745-c00a&#8221;][vc_column_text]\u00a1Genial! <strong>This Is es altamente compatible con otros procesos qu\u00edmicos<\/strong>, incluyendo los de pigmentaci\u00f3n. Esta espuma de tratamiento se puede combinar con la mayor\u00eda de los procesos qu\u00edmicos disponibles en el mercado. La observaci\u00f3n est\u00e1 relacionada con la forma de aplicaci\u00f3n, que debe adaptarse a las necesidades del cabello. El profesional siempre debe evaluar la elasticidad de la fibra capilar. <strong>Y es importante recordar<\/strong> que cualquier cambio en la estructura de la fibra capilar requiere modificaciones en las estructuras qu\u00edmicas, por lo tanto, el cabello debe estar en buen estado y saludable.[\/vc_column_text][\/vc_tta_section][vc_tta_section title=&#8221;\u00bfSe puede usar This Is Mousse Complex en cabellos rubios?&#8221; tab_id=&#8221;1633373853653-04af5fe3-3fbc&#8221;][vc_column_text]<strong>El producto puede aplicarse en cabellos rubios<\/strong>. Se debe prestar especial atenci\u00f3n al control de temperatura de la plancha y al enjuague adecuado, lo cual en realidad es una regla para cualquier tratamiento en cabellos te\u00f1idos o decolorados, donde se debe mantener la temperatura a un m\u00e1ximo de 200\u00b0C y usar una plancha de cer\u00e1mica. Otro procedimiento muy importante es el uso de protector t\u00e9rmico antes de la plancha. <strong>De esta manera, la temperatura no oxidar\u00e1 en exceso el cabello, alterando la tonalidad de las uniones qu\u00edmicas que ya est\u00e1n comprometidas por el pigmento o la decoloraci\u00f3n.<\/strong>[\/vc_column_text][\/vc_tta_section][vc_tta_section title=&#8221;\u00bfThis Is Mousse Complex produce humo o tiene olor?&#8221; tab_id=&#8221;1633545889195-38ade195-048e&#8221;][vc_column_text]<strong>Se percibe un ligero olor<\/strong> durante la aplicaci\u00f3n del producto, que desaparece despu\u00e9s del enjuague.<\/p>\n<p><strong>Y no hay efecto de humo durante el proceso con las herramientas t\u00e9rmicas,<\/strong> ya que la f\u00f3rmula en espuma aumenta la capacidad de penetraci\u00f3n en los hilos, evitando el contacto directo del producto con la superficie de la plancha caliente.[\/vc_column_text][\/vc_tta_section][vc_tta_section title=&#8221;\u00bfSe puede aplicar This Is Mousse Complex en mujeres embarazadas?&#8221; tab_id=&#8221;1633545944665-94de8bb2-b48a&#8221;][vc_column_text]La seguridad de una mujer embarazada <strong>no depende solo del producto en s\u00ed,<\/strong> sino de varios factores que van desde el tiempo de aplicaci\u00f3n hasta posibles predisposiciones al\u00e9rgicas que pueden agravarse durante el embarazo. <strong>Las mujeres embarazadas deben consultar a su m\u00e9dico antes de usar cualquier producto<\/strong> o someterse a cualquier procedimiento nuevo durante el embarazo, lo que incluye procedimientos est\u00e9ticos, uso de medicamentos, dieta, ejercicio, entre otros.[\/vc_column_text][\/vc_tta_section][vc_tta_section title=&#8221;\u00bfCu\u00e1l es el intervalo recomendado entre una aplicaci\u00f3n y otra de This Is Mousse Complex?&#8221; tab_id=&#8221;1633545992659-4a5a26cb-55c1&#8243;][vc_column_text]<strong>El tiempo entre aplicaciones est\u00e1 totalmente relacionado con el prop\u00f3sito de uso de Mousse Complex.<\/strong> Si es para obtener un alisado con un resultado de cabello 100% liso, se recomienda cada 4 a 6 meses. Para el tratamiento del frizz y el sellado para reducir el volumen, <strong>se puede realizar un mantenimiento cada 3 meses.<\/strong>[\/vc_column_text][\/vc_tta_section][vc_tta_section title=&#8221;Despu\u00e9s del proceso de alisado utilizando This Is Mousse Complex, \u00bfexisten restricciones como piscina, mar, tratamientos o qu\u00edmicos?&#8221; tab_id=&#8221;1633546054551-6901c64e-bf33&#8243;][vc_column_text]<strong>Las restricciones depender\u00e1n de los cuidados y la rutina,<\/strong> pero tambi\u00e9n es importante recordar que la exposici\u00f3n excesiva a agentes externos puede reducir el tiempo de acci\u00f3n del tratamiento capilar y,<strong> sobre todo, da\u00f1ar el cabello.<\/strong>[\/vc_column_text][\/vc_tta_section][\/vc_tta_accordion]\n\t\t<\/div> <!-- END .wpb_wrapper -->\n\t<\/div> <!-- END  wpb_column vc_column_container  -->\n[\/vc_row][vc_row full_width=&#8221;stretch_row&#8221; gap=&#8221;30&#8243; css=&#8221;.vc_custom_1633375464346{margin-bottom: 0px !important;border-bottom-width: 1px !important;padding-top: 50px !important;padding-bottom: 50px !important;border-bottom-color: #eeeeee !important;}&#8221; el_id=&#8221;usar&#8221;]\n\t<div class=\"vc_col-sm-12 vc_col-lg-4 vc_col-md-4 wpb_column vc_column_container \"  data-wow-delay=\"0ms\">\n\t\t<div class=\"wpb_wrapper\">\n\t\t\t[vc_column_text c_id=&#8221;.vc_1535390025306&#8243; css=&#8221;.vc_custom_1695228136801{margin-bottom: 0px !important;}&#8221;]<\/p>\n<h2 style=\"font-size: 72px;\">Solicitud<\/h2>\n<p>[\/vc_column_text][vc_empty_space height=&#8221;30px&#8221;][ivan_title title_tag=&#8221;h3&#8243; align=&#8221;left&#8221; animation_iteration=&#8221;1&#8243; c_id=&#8221;.vc_1695228828018&#8243; sub=&#8221;\u00a1Vamos all\u00e1!&#8221;]Ha llegado el momento de usarlo[\/ivan_title]\n\t\t<\/div> <!-- END .wpb_wrapper -->\n\t<\/div> <!-- END  wpb_column vc_column_container  -->\n\n\t<div class=\"vc_col-sm-12 vc_col-lg-8 vc_col-md-8 wpb_column vc_column_container  vc_custom_1454846732561\"  data-wow-delay=\"0ms\">\n\t\t<div class=\"wpb_wrapper\">\n\t\t\t[vc_tta_accordion style=&#8221;flat&#8221; c_position=&#8221;right&#8221; active_section=&#8221;1&#8243; no_fill=&#8221;true&#8221;][vc_tta_section title=&#8221;Paso 1 &#8211; INSTRUCCIONES PARA USO PROFESIONAL&#8221; tab_id=&#8221;1633375264695-f2967778-5d43&#8243;][vc_column_text]1) DIVIDE EL CABELLO EN MECHONES FINOS Y, COMENZANDO POR LA NUCA, APLICA UNA DOSIS DE ESPUMA DIRECTAMENTE EN EL MECH\u00d3N Y, CON UN PEINE, DESLIZA EL PRODUCTO POR TODA LA EXTENSI\u00d3N DEL CABELLO.[\/vc_column_text][\/vc_tta_section][vc_tta_section title=&#8221;Paso 2 &#8211; INSTRUCCIONES PARA USO PROFESIONAL&#8221; tab_id=&#8221;1633375264730-20b6680c-c1de&#8221;][vc_column_text]A una distancia de 1 cm del cuero cabelludo, aplique solo desde la ra\u00edz. Deje actuar durante 30 a 60 minutos.[\/vc_column_text][\/vc_tta_section][vc_tta_section title=&#8221;Paso 3 &#8211; INSTRUCCIONES PARA USO PROFESIONAL&#8221; tab_id=&#8221;1633375264766-9880f59f-0f0b&#8221;][vc_column_text]Enjuagar[\/vc_column_text][\/vc_tta_section][vc_tta_section title=&#8221;Paso 4 &#8211; INSTRUCCIONES PARA USO PROFESIONAL&#8221; tab_id=&#8221;1633375264796-bd61fcd1-ccd5&#8243;][vc_column_text]CEPILLE BIEN EL CABELLO Y FINALICE PLANCHANDO MECHONES FINOS ENTRE 200\u00b0C Y 230\u00b0C.[\/vc_column_text][\/vc_tta_section][\/vc_tta_accordion]\n\t\t<\/div> <!-- END .wpb_wrapper -->\n\t<\/div> <!-- END  wpb_column vc_column_container  -->\n[\/vc_row][vc_row full_width=&#8221;stretch_row&#8221; gap=&#8221;30&#8243; parallax=&#8221;content-moving-fade&#8221; parallax_image=&#8221;7067&#8243; parallax_speed_bg=&#8221;1.4&#8243; css_animation=&#8221;fadeInUp&#8221; m_bottom=&#8221;0&#8243; css=&#8221;.vc_custom_1633374087681{padding-top: 160px !important;padding-bottom: 160px !important;background-color: #0a0a0a !important;}&#8221; el_class=&#8221;parallax-opacity-90&#8243;]\n\t<div class=\"vc_col-sm-3 wpb_column vc_column_container \"  data-wow-delay=\"0ms\">\n\t\t<div class=\"wpb_wrapper\">\n\t\t\t\n\t\t<\/div> <!-- END .wpb_wrapper -->\n\t<\/div> <!-- END  wpb_column vc_column_container  -->\n\n\t<div class=\"vc_col-sm-6 wpb_column vc_column_container \"  data-wow-delay=\"0ms\">\n\t\t<div class=\"wpb_wrapper\">\n\t\t\t[ivan_title title_tag=&#8221;h2&#8243; template=&#8221;clean-color&#8221; animation_iteration=&#8221;1&#8243; c_id=&#8221;.vc_1695228082669&#8243; title_css=&#8221;margin-right:20px;&#8221; sub=&#8221;\u00bfHemos podido responder&#8221;]<span class=\"underline-text-color\">todas<\/span> tus <span class=\"underline-text-color2\">preguntas?<\/span>[\/ivan_title][vc_column_text c_id=&#8221;.vc_1597071459948&#8243; css=&#8221;.vc_custom_1695228393209{margin-right: 20px !important;}&#8221;]<\/p>\n<p style=\"font-size: 18px; text-align: center; color: #fff;\">Si no es as\u00ed, entonces cont\u00e1ctenos a trav\u00e9s de nuestro<br \/>\nformulario de contacto, haciendo clic en el bot\u00f3n de abajo.<\/p>\n<p>[\/vc_column_text][vc_empty_space height=&#8221;40px&#8221;][ivan_button link=&#8221;https:\/\/thisismousse.com.br\/peru\/#contato&#8221; border_r=&#8221;round&#8221; align=&#8221;to-center&#8221; animation_iteration=&#8221;1&#8243; template=&#8221;primary-bg&#8221; c_id=&#8221;.vc_1695228886350&#8243;]Contacto[\/ivan_button]\n\t\t<\/div> <!-- END .wpb_wrapper -->\n\t<\/div> <!-- END  wpb_column vc_column_container  -->\n\n\t<div class=\"vc_col-sm-3 wpb_column vc_column_container \"  data-wow-delay=\"0ms\">\n\t\t<div class=\"wpb_wrapper\">\n\t\t\t\n\t\t<\/div> <!-- END .wpb_wrapper -->\n\t<\/div> <!-- END  wpb_column vc_column_container  -->\n[\/vc_row]<\/p>\n","protected":false},"excerpt":{"rendered":"<p>[vc_row full_width=&#8221;stretch_row&#8221; gap=&#8221;30&#8243; css=&#8221;.vc_custom_1633375474430{margin-bottom: 0px !important;border-bottom-width: 1px !important;padding-top: 50px !important;padding-bottom: 50px !important;border-bottom-color: #eeeeee !important;}&#8221; el_id=&#8221;faq&#8221;][\/vc_row][vc_row full_width=&#8221;stretch_row&#8221; gap=&#8221;30&#8243; css=&#8221;.vc_custom_1633375464346{margin-bottom: 0px !important;border-bottom-width: 1px !important;padding-top: 50px !important;padding-bottom: 50px !important;border-bottom-color: #eeeeee !important;}&#8221; el_id=&#8221;usar&#8221;][\/vc_row][vc_row full_width=&#8221;stretch_row&#8221; gap=&#8221;30&#8243; parallax=&#8221;content-moving-fade&#8221; parallax_image=&#8221;7067&#8243; parallax_speed_bg=&#8221;1.4&#8243; css_animation=&#8221;fadeInUp&#8221; m_bottom=&#8221;0&#8243; css=&#8221;.vc_custom_1633374087681{padding-top: 160px !important;padding-bottom: 160px !important;background-color: #0a0a0a !important;}&#8221; el_class=&#8221;parallax-opacity-90&#8243;][\/vc_row]<\/p>\n","protected":false},"author":1,"featured_media":0,"parent":0,"menu_order":0,"comment_status":"closed","ping_status":"closed","template":"","meta":[],"_links":{"self":[{"href":"https:\/\/thisismousse.com.br\/peru\/index.php?rest_route=\/wp\/v2\/pages\/3649"}],"collection":[{"href":"https:\/\/thisismousse.com.br\/peru\/index.php?rest_route=\/wp\/v2\/pages"}],"about":[{"href":"https:\/\/thisismousse.com.br\/peru\/index.php?rest_route=\/wp\/v2\/types\/page"}],"author":[{"embeddable":true,"href":"https:\/\/thisismousse.com.br\/peru\/index.php?rest_route=\/wp\/v2\/users\/1"}],"replies":[{"embeddable":true,"href":"https:\/\/thisismousse.com.br\/peru\/index.php?rest_route=%2Fwp%2Fv2%2Fcomments&post=3649"}],"version-history":[{"count":21,"href":"https:\/\/thisismousse.com.br\/peru\/index.php?rest_route=\/wp\/v2\/pages\/3649\/revisions"}],"predecessor-version":[{"id":8402,"href":"https:\/\/thisismousse.com.br\/peru\/index.php?rest_route=\/wp\/v2\/pages\/3649\/revisions\/8402"}],"wp:attachment":[{"href":"https:\/\/thisismousse.com.br\/peru\/index.php?rest_route=%2Fwp%2Fv2%2Fmedia&parent=3649"}],"curies":[{"name":"wp","href":"https:\/\/api.w.org\/{rel}","templated":true}]}}